{"id":43,"date":"2024-09-12T11:21:22","date_gmt":"2024-09-12T09:21:22","guid":{"rendered":"https:\/\/bravochapeau.com\/?page_id=43"},"modified":"2025-03-03T10:05:59","modified_gmt":"2025-03-03T09:05:59","slug":"contact","status":"publish","type":"page","link":"https:\/\/bravochapeau.com\/index.php\/contact\/","title":{"rendered":"Contact"},"content":{"rendered":"<style>.kb-row-layout-id43_f0ea84-3e > .kt-row-column-wrap{align-content:center;}:where(.kb-row-layout-id43_f0ea84-3e > .kt-row-column-wrap) > .wp-block-kadence-column{justify-content:center;}.kb-row-layout-id43_f0ea84-3e > .kt-row-column-wrap{column-gap:var(--global-kb-gap-lg, 4rem);row-gap:var(--global-kb-gap-md, 2rem);max-width:var( --global-content-width, 1290px );padding-left:var(--global-content-edge-padding);padding-right:var(--global-content-edge-padding);padding-top:var(--global-kb-spacing-5xl, 10rem);padding-bottom:var(--global-kb-spacing-lg, 3rem);grid-template-columns:minmax(0, 1fr);}.kb-row-layout-id43_f0ea84-3e > .kt-row-layout-overlay{opacity:0.30;background-image:url('https:\/\/bravochapeau.com\/wp-content\/uploads\/2024\/10\/28988083-scaled.jpg');background-size:cover;background-position:52% 56.99999999999999%;background-attachment:scroll;background-repeat:no-repeat;}.kb-row-layout-id43_f0ea84-3e .kt-row-layout-bottom-sep{height:100px;}.kb-row-layout-id43_f0ea84-3e .kt-row-layout-bottom-sep svg{width:100%;}.kb-row-layout-id43_f0ea84-3e .kt-row-layout-bottom-sep svg{fill:#ffffff!important;}@media all and (max-width: 1024px){.kb-row-layout-id43_f0ea84-3e > .kt-row-column-wrap{grid-template-columns:minmax(0, 1fr);}}@media all and (max-width: 1024px){.kb-row-layout-id43_f0ea84-3e .kt-row-layout-bottom-sep{height:80px;}}@media all and (max-width: 1024px){.kb-row-layout-id43_f0ea84-3e .kt-row-layout-bottom-sep svg{width:%;}}@media all and (max-width: 767px){.kb-row-layout-id43_f0ea84-3e > .kt-row-column-wrap{padding-top:var(--global-kb-spacing-3xl, 6.5rem);padding-bottom:var(--global-kb-spacing-3xl, 6.5rem);grid-template-columns:minmax(0, 1fr);}.kb-row-layout-id43_f0ea84-3e .kt-row-layout-bottom-sep{height:60px;}.kb-row-layout-id43_f0ea84-3e .kt-row-layout-bottom-sep svg{width:%;}}<\/style><div class=\"kb-row-layout-wrap kb-row-layout-id43_f0ea84-3e alignfull has-theme-palette9-background-color kt-row-has-bg wp-block-kadence-rowlayout\"><div class=\"kt-row-layout-overlay kt-row-overlay-normal\"><\/div><div class=\"kt-row-column-wrap kt-has-1-columns kt-row-layout-equal kt-tab-layout-inherit kt-mobile-layout-row kt-row-valign-middle kb-theme-content-width\">\n<style>.kadence-column43_55803f-a8 > .kt-inside-inner-col,.kadence-column43_55803f-a8 > .kt-inside-inner-col:before{border-top-left-radius:0px;border-top-right-radius:0px;border-bottom-right-radius:0px;border-bottom-left-radius:0px;}.kadence-column43_55803f-a8 > .kt-inside-inner-col{column-gap:var(--global-kb-gap-sm, 1rem);}.kadence-column43_55803f-a8 > .kt-inside-inner-col{flex-direction:column;}.kadence-column43_55803f-a8 > .kt-inside-inner-col > .aligncenter{width:100%;}.kadence-column43_55803f-a8 > .kt-inside-inner-col:before{opacity:0.3;}.kadence-column43_55803f-a8{position:relative;}@media all and (max-width: 1024px){.kadence-column43_55803f-a8 > .kt-inside-inner-col{flex-direction:column;justify-content:center;}}@media all and (max-width: 767px){.kadence-column43_55803f-a8 > .kt-inside-inner-col{flex-direction:column;justify-content:center;}}<\/style>\n<div class=\"wp-block-kadence-column kadence-column43_55803f-a8 inner-column-1\"><div class=\"kt-inside-inner-col\"><style>.wp-block-kadence-advancedheading.kt-adv-heading43_c287b1-49, .wp-block-kadence-advancedheading.kt-adv-heading43_c287b1-49[data-kb-block=\"kb-adv-heading43_c287b1-49\"]{margin-top:0px;margin-bottom:var(--global-kb-spacing-sm, 1.5rem);text-align:center;font-size:var(--global-kb-font-size-lg, 2rem);line-height:1;font-style:normal;}.wp-block-kadence-advancedheading.kt-adv-heading43_c287b1-49 mark.kt-highlight, .wp-block-kadence-advancedheading.kt-adv-heading43_c287b1-49[data-kb-block=\"kb-adv-heading43_c287b1-49\"] mark.kt-highlight{font-style:normal;color:#f76a0c;-webkit-box-decoration-break:clone;box-decoration-break:clone;padding-top:0px;padding-right:0px;padding-bottom:0px;padding-left:0px;}.wp-block-kadence-advancedheading.kt-adv-heading43_c287b1-49 img.kb-inline-image, .wp-block-kadence-advancedheading.kt-adv-heading43_c287b1-49[data-kb-block=\"kb-adv-heading43_c287b1-49\"] img.kb-inline-image{width:150px;vertical-align:baseline;}@media all and (max-width: 1024px){.wp-block-kadence-advancedheading.kt-adv-heading43_c287b1-49, .wp-block-kadence-advancedheading.kt-adv-heading43_c287b1-49[data-kb-block=\"kb-adv-heading43_c287b1-49\"]{font-size:80px;}}@media all and (max-width: 767px){.wp-block-kadence-advancedheading.kt-adv-heading43_c287b1-49, .wp-block-kadence-advancedheading.kt-adv-heading43_c287b1-49[data-kb-block=\"kb-adv-heading43_c287b1-49\"]{font-size:40px;line-height:1.2;}}<\/style>\n<h2 class=\"kt-adv-heading43_c287b1-49 wp-block-kadence-advancedheading has-theme-palette-3-color has-text-color\" data-kb-block=\"kb-adv-heading43_c287b1-49\"><mark style=\"background-color:rgba(0, 0, 0, 0)\" class=\"has-inline-color has-theme-palette-1-color\">Contacts de l&rsquo;association<\/mark><\/h2>\n\n\n<style>.wp-block-kadence-advancedheading.kt-adv-heading43_51b172-4b, .wp-block-kadence-advancedheading.kt-adv-heading43_51b172-4b[data-kb-block=\"kb-adv-heading43_51b172-4b\"]{max-width:550px;margin-right:auto;margin-left:auto;margin-bottom:var(--global-kb-spacing-sm, 1.5rem);text-align:center;font-style:normal;}.wp-block-kadence-advancedheading.kt-adv-heading43_51b172-4b mark.kt-highlight, .wp-block-kadence-advancedheading.kt-adv-heading43_51b172-4b[data-kb-block=\"kb-adv-heading43_51b172-4b\"] mark.kt-highlight{font-style:normal;color:#f76a0c;-webkit-box-decoration-break:clone;box-decoration-break:clone;padding-top:0px;padding-right:0px;padding-bottom:0px;padding-left:0px;}.wp-block-kadence-advancedheading.kt-adv-heading43_51b172-4b img.kb-inline-image, .wp-block-kadence-advancedheading.kt-adv-heading43_51b172-4b[data-kb-block=\"kb-adv-heading43_51b172-4b\"] img.kb-inline-image{width:150px;vertical-align:baseline;}<\/style>\n<p class=\"kt-adv-heading43_51b172-4b wp-block-kadence-advancedheading\" data-kb-block=\"kb-adv-heading43_51b172-4b\">O\u00f9 nous trouver et nous contacter.<\/p>\n<\/div><\/div>\n\n<\/div><\/div>\n\n<style>.wp-block-kadence-advancedheading.kt-adv-heading43_abf78e-c9, .wp-block-kadence-advancedheading.kt-adv-heading43_abf78e-c9[data-kb-block=\"kb-adv-heading43_abf78e-c9\"]{font-style:normal;}.wp-block-kadence-advancedheading.kt-adv-heading43_abf78e-c9 mark.kt-highlight, .wp-block-kadence-advancedheading.kt-adv-heading43_abf78e-c9[data-kb-block=\"kb-adv-heading43_abf78e-c9\"] mark.kt-highlight{font-style:normal;color:#f76a0c;-webkit-box-decoration-break:clone;box-decoration-break:clone;padding-top:0px;padding-right:0px;padding-bottom:0px;padding-left:0px;}.wp-block-kadence-advancedheading.kt-adv-heading43_abf78e-c9 img.kb-inline-image, .wp-block-kadence-advancedheading.kt-adv-heading43_abf78e-c9[data-kb-block=\"kb-adv-heading43_abf78e-c9\"] img.kb-inline-image{width:150px;vertical-align:baseline;}<\/style>\n<p class=\"kt-adv-heading43_abf78e-c9 wp-block-kadence-advancedheading\" data-kb-block=\"kb-adv-heading43_abf78e-c9\"><\/p>\n\n\n<style>.wp-block-kadence-advancedheading.kt-adv-heading43_c730f2-84, .wp-block-kadence-advancedheading.kt-adv-heading43_c730f2-84[data-kb-block=\"kb-adv-heading43_c730f2-84\"]{font-style:normal;}.wp-block-kadence-advancedheading.kt-adv-heading43_c730f2-84 mark.kt-highlight, .wp-block-kadence-advancedheading.kt-adv-heading43_c730f2-84[data-kb-block=\"kb-adv-heading43_c730f2-84\"] mark.kt-highlight{font-style:normal;color:#f76a0c;-webkit-box-decoration-break:clone;box-decoration-break:clone;padding-top:0px;padding-right:0px;padding-bottom:0px;padding-left:0px;}.wp-block-kadence-advancedheading.kt-adv-heading43_c730f2-84 img.kb-inline-image, .wp-block-kadence-advancedheading.kt-adv-heading43_c730f2-84[data-kb-block=\"kb-adv-heading43_c730f2-84\"] img.kb-inline-image{width:150px;vertical-align:baseline;}<\/style>\n<p class=\"kt-adv-heading43_c730f2-84 wp-block-kadence-advancedheading\" data-kb-block=\"kb-adv-heading43_c730f2-84\"><strong>T\u00e9l\u00e9phone<\/strong> : &nbsp;+33 (0)613 73 91 75<br><strong>Email<\/strong> : contact@bravochapeau.com<strong>&nbsp;<\/strong><br><strong>Adresse postale :<\/strong> 121 route du G\u00e9n\u00e9ral de Gaulle &#8211; 67300 Schiltigheim<br><br><strong>Ateliers repas :<\/strong>&nbsp; &nbsp;Salle de r\u00e9union sous l&rsquo;\u00e9glise Salle Kl\u00e9ber<br>119 route du G\u00e9n\u00e9ral de Gaulle &#8211; 67300 Schiltigheim<\/p>\n\n\n<style>.wp-block-kadence-advancedheading.kt-adv-heading43_ebf6ac-1f, .wp-block-kadence-advancedheading.kt-adv-heading43_ebf6ac-1f[data-kb-block=\"kb-adv-heading43_ebf6ac-1f\"]{font-style:normal;}.wp-block-kadence-advancedheading.kt-adv-heading43_ebf6ac-1f mark.kt-highlight, .wp-block-kadence-advancedheading.kt-adv-heading43_ebf6ac-1f[data-kb-block=\"kb-adv-heading43_ebf6ac-1f\"] mark.kt-highlight{font-style:normal;color:#f76a0c;-webkit-box-decoration-break:clone;box-decoration-break:clone;padding-top:0px;padding-right:0px;padding-bottom:0px;padding-left:0px;}.wp-block-kadence-advancedheading.kt-adv-heading43_ebf6ac-1f img.kb-inline-image, .wp-block-kadence-advancedheading.kt-adv-heading43_ebf6ac-1f[data-kb-block=\"kb-adv-heading43_ebf6ac-1f\"] img.kb-inline-image{width:150px;vertical-align:baseline;}<\/style>\n<p class=\"kt-adv-heading43_ebf6ac-1f wp-block-kadence-advancedheading\" data-kb-block=\"kb-adv-heading43_ebf6ac-1f\"><strong>Notre brochure de pr\u00e9sentation (Fr) :<\/strong><\/p>\n\n\n\n<div data-wp-interactive=\"core\/file\" class=\"wp-block-file\"><object data-wp-bind--hidden=\"!state.hasPdfPreview\" hidden class=\"wp-block-file__embed\" data=\"https:\/\/bravochapeau.com\/wp-content\/uploads\/2025\/03\/Asso-BravoChapeau-Diane-HAMEN.pdf\" type=\"application\/pdf\" style=\"width:100%;height:600px\" aria-label=\"Contenu embarqu\u00e9 Asso BravoChapeau - Diane HAMEN.\"><\/object><a id=\"wp-block-file--media-b40cb47b-c30b-4cdc-8436-780afbda76ca\" href=\"https:\/\/bravochapeau.com\/wp-content\/uploads\/2025\/03\/Asso-BravoChapeau-Diane-HAMEN.pdf\">Asso BravoChapeau &#8211; Diane HAMEN<\/a><a href=\"https:\/\/bravochapeau.com\/wp-content\/uploads\/2025\/03\/Asso-BravoChapeau-Diane-HAMEN.pdf\" class=\"wp-block-file__button wp-element-button\" download aria-describedby=\"wp-block-file--media-b40cb47b-c30b-4cdc-8436-780afbda76ca\">T\u00e9l\u00e9charger<\/a><\/div>\n\n\n<style>.wp-block-kadence-advancedheading.kt-adv-heading43_2e05b1-c6, .wp-block-kadence-advancedheading.kt-adv-heading43_2e05b1-c6[data-kb-block=\"kb-adv-heading43_2e05b1-c6\"]{font-style:normal;}.wp-block-kadence-advancedheading.kt-adv-heading43_2e05b1-c6 mark.kt-highlight, .wp-block-kadence-advancedheading.kt-adv-heading43_2e05b1-c6[data-kb-block=\"kb-adv-heading43_2e05b1-c6\"] mark.kt-highlight{font-style:normal;color:#f76a0c;-webkit-box-decoration-break:clone;box-decoration-break:clone;padding-top:0px;padding-right:0px;padding-bottom:0px;padding-left:0px;}.wp-block-kadence-advancedheading.kt-adv-heading43_2e05b1-c6 img.kb-inline-image, .wp-block-kadence-advancedheading.kt-adv-heading43_2e05b1-c6[data-kb-block=\"kb-adv-heading43_2e05b1-c6\"] img.kb-inline-image{width:150px;vertical-align:baseline;}<\/style>\n<p class=\"kt-adv-heading43_2e05b1-c6 wp-block-kadence-advancedheading\" data-kb-block=\"kb-adv-heading43_2e05b1-c6\"><br><strong>Knigge Pra\u0308sentation (De)<\/strong> :<\/p>\n\n\n\n<div data-wp-interactive=\"core\/file\" class=\"wp-block-file\"><object data-wp-bind--hidden=\"!state.hasPdfPreview\" hidden class=\"wp-block-file__embed\" data=\"https:\/\/bravochapeau.com\/wp-content\/uploads\/2025\/03\/Verein-BravoChapeau-_-Diane-HAMEN-Knigge.pdf\" type=\"application\/pdf\" style=\"width:100%;height:600px\" aria-label=\"Contenu embarqu\u00e9 Verein BravoChapeau _ Diane HAMEN (Knigge).\"><\/object><a id=\"wp-block-file--media-54e3931f-92df-4a9f-aee5-6b5c592809e2\" href=\"https:\/\/bravochapeau.com\/wp-content\/uploads\/2025\/03\/Verein-BravoChapeau-_-Diane-HAMEN-Knigge.pdf\">Verein BravoChapeau _ Diane HAMEN (Knigge)<\/a><a href=\"https:\/\/bravochapeau.com\/wp-content\/uploads\/2025\/03\/Verein-BravoChapeau-_-Diane-HAMEN-Knigge.pdf\" class=\"wp-block-file__button wp-element-button\" download aria-describedby=\"wp-block-file--media-54e3931f-92df-4a9f-aee5-6b5c592809e2\">Herunterladen<\/a><\/div>\n\n\n<style>.wp-block-kadence-advancedheading.kt-adv-heading43_556850-fb, .wp-block-kadence-advancedheading.kt-adv-heading43_556850-fb[data-kb-block=\"kb-adv-heading43_556850-fb\"]{font-style:normal;}.wp-block-kadence-advancedheading.kt-adv-heading43_556850-fb mark.kt-highlight, .wp-block-kadence-advancedheading.kt-adv-heading43_556850-fb[data-kb-block=\"kb-adv-heading43_556850-fb\"] mark.kt-highlight{font-style:normal;color:#f76a0c;-webkit-box-decoration-break:clone;box-decoration-break:clone;padding-top:0px;padding-right:0px;padding-bottom:0px;padding-left:0px;}.wp-block-kadence-advancedheading.kt-adv-heading43_556850-fb img.kb-inline-image, .wp-block-kadence-advancedheading.kt-adv-heading43_556850-fb[data-kb-block=\"kb-adv-heading43_556850-fb\"] img.kb-inline-image{width:150px;vertical-align:baseline;}<\/style>\n<p class=\"kt-adv-heading43_556850-fb wp-block-kadence-advancedheading\" data-kb-block=\"kb-adv-heading43_556850-fb\"><br><strong>Project Presentation (En)<\/strong> :<\/p>\n\n\n\n<div data-wp-interactive=\"core\/file\" class=\"wp-block-file\"><object data-wp-bind--hidden=\"!state.hasPdfPreview\" hidden class=\"wp-block-file__embed\" data=\"https:\/\/bravochapeau.com\/wp-content\/uploads\/2025\/03\/Asso-BravoChapeau-Diane-HAMEN-english.pdf\" type=\"application\/pdf\" style=\"width:100%;height:600px\" aria-label=\"Contenu embarqu\u00e9 Asso BravoChapeau - Diane HAMEN (english).\"><\/object><a id=\"wp-block-file--media-7c400c7c-6ded-468c-8050-aecdeef28a3e\" href=\"https:\/\/bravochapeau.com\/wp-content\/uploads\/2025\/03\/Asso-BravoChapeau-Diane-HAMEN-english.pdf\">Asso BravoChapeau &#8211; Diane HAMEN (english)<\/a><a href=\"https:\/\/bravochapeau.com\/wp-content\/uploads\/2025\/03\/Asso-BravoChapeau-Diane-HAMEN-english.pdf\" class=\"wp-block-file__button wp-element-button\" download aria-describedby=\"wp-block-file--media-7c400c7c-6ded-468c-8050-aecdeef28a3e\">Herunterladen<\/a><\/div>\n","protected":false},"excerpt":{"rendered":"<p>Contacts de l&rsquo;association O\u00f9 nous trouver et nous contacter. T\u00e9l\u00e9phone : &nbsp;+33 (0)613 73 91 75Email : contact@bravochapeau.com&nbsp;Adresse postale : 121 route du G\u00e9n\u00e9ral de Gaulle &#8211; 67300 Schiltigheim Ateliers repas :&nbsp; &nbsp;Salle de r\u00e9union sous l&rsquo;\u00e9glise Salle Kl\u00e9ber119 route du G\u00e9n\u00e9ral de Gaulle &#8211; 67300 Schiltigheim Notre brochure de pr\u00e9sentation (Fr) : Knigge Pra\u0308sentation&#8230;<\/p>\n","protected":false},"author":2,"featured_media":0,"parent":0,"menu_order":0,"comment_status":"closed","ping_status":"closed","template":"","meta":{"_kad_post_transparent":"","_kad_post_title":"","_kad_post_layout":"normal","_kad_post_sidebar_id":"","_kad_post_content_style":"","_kad_post_vertical_padding":"show","_kad_post_feature":"","_kad_post_feature_position":"","_kad_post_header":false,"_kad_post_footer":false,"_kad_post_classname":"","footnotes":""},"class_list":["post-43","page","type-page","status-publish","hentry"],"_links":{"self":[{"href":"https:\/\/bravochapeau.com\/index.php\/wp-json\/wp\/v2\/pages\/43","targetHints":{"allow":["GET"]}}],"collection":[{"href":"https:\/\/bravochapeau.com\/index.php\/wp-json\/wp\/v2\/pages"}],"about":[{"href":"https:\/\/bravochapeau.com\/index.php\/wp-json\/wp\/v2\/types\/page"}],"author":[{"embeddable":true,"href":"https:\/\/bravochapeau.com\/index.php\/wp-json\/wp\/v2\/users\/2"}],"replies":[{"embeddable":true,"href":"https:\/\/bravochapeau.com\/index.php\/wp-json\/wp\/v2\/comments?post=43"}],"version-history":[{"count":16,"href":"https:\/\/bravochapeau.com\/index.php\/wp-json\/wp\/v2\/pages\/43\/revisions"}],"predecessor-version":[{"id":451,"href":"https:\/\/bravochapeau.com\/index.php\/wp-json\/wp\/v2\/pages\/43\/revisions\/451"}],"wp:attachment":[{"href":"https:\/\/bravochapeau.com\/index.php\/wp-json\/wp\/v2\/media?parent=43"}],"curies":[{"name":"wp","href":"https:\/\/api.w.org\/{rel}","templated":true}]}}